{"id":728,"date":"2018-09-07T21:16:06","date_gmt":"2018-09-07T19:16:06","guid":{"rendered":"https:\/\/advanpure.com\/?page_id=728"},"modified":"2018-09-07T21:27:21","modified_gmt":"2018-09-07T19:27:21","slug":"dekujeme-vam-za-zadost-o-kontakt","status":"publish","type":"page","link":"https:\/\/advanpure.com\/cs\/kontakt\/dekujeme-vam-za-zadost-o-kontakt\/","title":{"rendered":"D\u011bkujeme v\u00e1m za \u017e\u00e1dost o kontakt!"},"content":{"rendered":"<h3 style=\"text-align: center;\">D\u011bkujeme, \u017ee jste n\u00e1s kontaktovali! Neprodlen\u011b se V\u00e1m ozveme.<\/h3>\n","protected":false},"excerpt":{"rendered":"<p>D\u011bkujeme, \u017ee jste n\u00e1s kontaktovali! Neprodlen\u011b se V\u00e1m ozveme.<\/p>\n","protected":false},"author":1,"featured_media":0,"parent":68,"menu_order":0,"comment_status":"closed","ping_status":"closed","template":"template-full-width.php","meta":{"_acf_changed":false,"inline_featured_image":false,"footnotes":""},"class_list":["post-728","page","type-page","status-publish","hentry"],"acf":[],"yoast_head":"<!-- This site is optimized with the Yoast SEO Premium plugin v24.6 (Yoast SEO v27.3) - https:\/\/yoast.com\/product\/yoast-seo-premium-wordpress\/ -->\n<title>D\u011bkujeme v\u00e1m za \u017e\u00e1dost o kontakt! - Advanpure GmbH<\/title>\n<meta name=\"robots\" content=\"index, follow, max-snippet:-1, max-image-preview:large, max-video-preview:-1\" \/>\n<link rel=\"canonical\" href=\"https:\/\/advanpure.com\/cs\/kontakt\/dekujeme-vam-za-zadost-o-kontakt\/\" \/>\n<meta property=\"og:locale\" content=\"cs_CZ\" \/>\n<meta property=\"og:type\" content=\"article\" \/>\n<meta property=\"og:title\" content=\"D\u011bkujeme v\u00e1m za \u017e\u00e1dost o kontakt!\" \/>\n<meta property=\"og:description\" content=\"D\u011bkujeme, \u017ee jste n\u00e1s kontaktovali! Neprodlen\u011b se V\u00e1m ozveme.\" \/>\n<meta property=\"og:url\" content=\"https:\/\/advanpure.com\/cs\/kontakt\/dekujeme-vam-za-zadost-o-kontakt\/\" \/>\n<meta property=\"og:site_name\" content=\"Advanpure GmbH\" \/>\n<meta property=\"article:publisher\" content=\"https:\/\/www.facebook.com\/advanpure\/\" \/>\n<meta property=\"article:modified_time\" content=\"2018-09-07T19:27:21+00:00\" \/>\n<meta property=\"og:image\" content=\"https:\/\/advanpure.com\/wp-content\/uploads\/2018\/10\/advanpure_web.jpg\" \/>\n\t<meta property=\"og:image:width\" content=\"1000\" \/>\n\t<meta property=\"og:image:height\" content=\"620\" \/>\n\t<meta property=\"og:image:type\" content=\"image\/jpeg\" \/>\n<meta name=\"twitter:card\" content=\"summary_large_image\" \/>\n<script type=\"application\/ld+json\" class=\"yoast-schema-graph\">{\"@context\":\"https:\\\/\\\/schema.org\",\"@graph\":[{\"@type\":\"WebPage\",\"@id\":\"https:\\\/\\\/advanpure.com\\\/cs\\\/kontakt\\\/dekujeme-vam-za-zadost-o-kontakt\\\/\",\"url\":\"https:\\\/\\\/advanpure.com\\\/cs\\\/kontakt\\\/dekujeme-vam-za-zadost-o-kontakt\\\/\",\"name\":\"D\u011bkujeme v\u00e1m za \u017e\u00e1dost o kontakt! - Advanpure GmbH\",\"isPartOf\":{\"@id\":\"https:\\\/\\\/advanpure.com\\\/#website\"},\"datePublished\":\"2018-09-07T19:16:06+00:00\",\"dateModified\":\"2018-09-07T19:27:21+00:00\",\"breadcrumb\":{\"@id\":\"https:\\\/\\\/advanpure.com\\\/cs\\\/kontakt\\\/dekujeme-vam-za-zadost-o-kontakt\\\/#breadcrumb\"},\"inLanguage\":\"cs-CZ\",\"potentialAction\":[{\"@type\":\"ReadAction\",\"target\":[\"https:\\\/\\\/advanpure.com\\\/cs\\\/kontakt\\\/dekujeme-vam-za-zadost-o-kontakt\\\/\"]}]},{\"@type\":\"BreadcrumbList\",\"@id\":\"https:\\\/\\\/advanpure.com\\\/cs\\\/kontakt\\\/dekujeme-vam-za-zadost-o-kontakt\\\/#breadcrumb\",\"itemListElement\":[{\"@type\":\"ListItem\",\"position\":1,\"name\":\"Home\",\"item\":\"https:\\\/\\\/advanpure.com\\\/cs\\\/uvod\\\/\"},{\"@type\":\"ListItem\",\"position\":2,\"name\":\"Kontakt\",\"item\":\"https:\\\/\\\/advanpure.com\\\/cs\\\/kontakt\\\/\"},{\"@type\":\"ListItem\",\"position\":3,\"name\":\"D\u011bkujeme v\u00e1m za \u017e\u00e1dost o kontakt!\"}]},{\"@type\":\"WebSite\",\"@id\":\"https:\\\/\\\/advanpure.com\\\/#website\",\"url\":\"https:\\\/\\\/advanpure.com\\\/\",\"name\":\"Advanpure GmbH\",\"description\":\"Dieselpartikelfilter reinigen mit Advanpure\",\"publisher\":{\"@id\":\"https:\\\/\\\/advanpure.com\\\/#organization\"},\"potentialAction\":[{\"@type\":\"SearchAction\",\"target\":{\"@type\":\"EntryPoint\",\"urlTemplate\":\"https:\\\/\\\/advanpure.com\\\/?s={search_term_string}\"},\"query-input\":{\"@type\":\"PropertyValueSpecification\",\"valueRequired\":true,\"valueName\":\"search_term_string\"}}],\"inLanguage\":\"cs-CZ\"},{\"@type\":\"Organization\",\"@id\":\"https:\\\/\\\/advanpure.com\\\/#organization\",\"name\":\"Advanpure GmbH\",\"url\":\"https:\\\/\\\/advanpure.com\\\/\",\"logo\":{\"@type\":\"ImageObject\",\"inLanguage\":\"cs-CZ\",\"@id\":\"https:\\\/\\\/advanpure.com\\\/#\\\/schema\\\/logo\\\/image\\\/\",\"url\":\"https:\\\/\\\/advanpure.com\\\/wp-content\\\/uploads\\\/2018\\\/09\\\/ad_logo.png\",\"contentUrl\":\"https:\\\/\\\/advanpure.com\\\/wp-content\\\/uploads\\\/2018\\\/09\\\/ad_logo.png\",\"width\":2000,\"height\":627,\"caption\":\"Advanpure GmbH\"},\"image\":{\"@id\":\"https:\\\/\\\/advanpure.com\\\/#\\\/schema\\\/logo\\\/image\\\/\"},\"sameAs\":[\"https:\\\/\\\/www.facebook.com\\\/advanpure\\\/\",\"https:\\\/\\\/www.instagram.com\\\/advanpure_dpf_reinigung\\\/\",\"https:\\\/\\\/www.linkedin.com\\\/company\\\/advanpure-gmbh\\\/\"]}]}<\/script>\n<!-- \/ Yoast SEO Premium plugin. -->","yoast_head_json":{"title":"D\u011bkujeme v\u00e1m za \u017e\u00e1dost o kontakt! - Advanpure GmbH","robots":{"index":"index","follow":"follow","max-snippet":"max-snippet:-1","max-image-preview":"max-image-preview:large","max-video-preview":"max-video-preview:-1"},"canonical":"https:\/\/advanpure.com\/cs\/kontakt\/dekujeme-vam-za-zadost-o-kontakt\/","og_locale":"cs_CZ","og_type":"article","og_title":"D\u011bkujeme v\u00e1m za \u017e\u00e1dost o kontakt!","og_description":"D\u011bkujeme, \u017ee jste n\u00e1s kontaktovali! Neprodlen\u011b se V\u00e1m ozveme.","og_url":"https:\/\/advanpure.com\/cs\/kontakt\/dekujeme-vam-za-zadost-o-kontakt\/","og_site_name":"Advanpure GmbH","article_publisher":"https:\/\/www.facebook.com\/advanpure\/","article_modified_time":"2018-09-07T19:27:21+00:00","og_image":[{"width":1000,"height":620,"url":"https:\/\/advanpure.com\/wp-content\/uploads\/2018\/10\/advanpure_web.jpg","type":"image\/jpeg"}],"twitter_card":"summary_large_image","schema":{"@context":"https:\/\/schema.org","@graph":[{"@type":"WebPage","@id":"https:\/\/advanpure.com\/cs\/kontakt\/dekujeme-vam-za-zadost-o-kontakt\/","url":"https:\/\/advanpure.com\/cs\/kontakt\/dekujeme-vam-za-zadost-o-kontakt\/","name":"D\u011bkujeme v\u00e1m za \u017e\u00e1dost o kontakt! - Advanpure GmbH","isPartOf":{"@id":"https:\/\/advanpure.com\/#website"},"datePublished":"2018-09-07T19:16:06+00:00","dateModified":"2018-09-07T19:27:21+00:00","breadcrumb":{"@id":"https:\/\/advanpure.com\/cs\/kontakt\/dekujeme-vam-za-zadost-o-kontakt\/#breadcrumb"},"inLanguage":"cs-CZ","potentialAction":[{"@type":"ReadAction","target":["https:\/\/advanpure.com\/cs\/kontakt\/dekujeme-vam-za-zadost-o-kontakt\/"]}]},{"@type":"BreadcrumbList","@id":"https:\/\/advanpure.com\/cs\/kontakt\/dekujeme-vam-za-zadost-o-kontakt\/#breadcrumb","itemListElement":[{"@type":"ListItem","position":1,"name":"Home","item":"https:\/\/advanpure.com\/cs\/uvod\/"},{"@type":"ListItem","position":2,"name":"Kontakt","item":"https:\/\/advanpure.com\/cs\/kontakt\/"},{"@type":"ListItem","position":3,"name":"D\u011bkujeme v\u00e1m za \u017e\u00e1dost o kontakt!"}]},{"@type":"WebSite","@id":"https:\/\/advanpure.com\/#website","url":"https:\/\/advanpure.com\/","name":"Advanpure GmbH","description":"Dieselpartikelfilter reinigen mit Advanpure","publisher":{"@id":"https:\/\/advanpure.com\/#organization"},"potentialAction":[{"@type":"SearchAction","target":{"@type":"EntryPoint","urlTemplate":"https:\/\/advanpure.com\/?s={search_term_string}"},"query-input":{"@type":"PropertyValueSpecification","valueRequired":true,"valueName":"search_term_string"}}],"inLanguage":"cs-CZ"},{"@type":"Organization","@id":"https:\/\/advanpure.com\/#organization","name":"Advanpure GmbH","url":"https:\/\/advanpure.com\/","logo":{"@type":"ImageObject","inLanguage":"cs-CZ","@id":"https:\/\/advanpure.com\/#\/schema\/logo\/image\/","url":"https:\/\/advanpure.com\/wp-content\/uploads\/2018\/09\/ad_logo.png","contentUrl":"https:\/\/advanpure.com\/wp-content\/uploads\/2018\/09\/ad_logo.png","width":2000,"height":627,"caption":"Advanpure GmbH"},"image":{"@id":"https:\/\/advanpure.com\/#\/schema\/logo\/image\/"},"sameAs":["https:\/\/www.facebook.com\/advanpure\/","https:\/\/www.instagram.com\/advanpure_dpf_reinigung\/","https:\/\/www.linkedin.com\/company\/advanpure-gmbh\/"]}]}},"_links":{"self":[{"href":"https:\/\/advanpure.com\/cs\/wp-json\/wp\/v2\/pages\/728","targetHints":{"allow":["GET"]}}],"collection":[{"href":"https:\/\/advanpure.com\/cs\/wp-json\/wp\/v2\/pages"}],"about":[{"href":"https:\/\/advanpure.com\/cs\/wp-json\/wp\/v2\/types\/page"}],"author":[{"embeddable":true,"href":"https:\/\/advanpure.com\/cs\/wp-json\/wp\/v2\/users\/1"}],"replies":[{"embeddable":true,"href":"https:\/\/advanpure.com\/cs\/wp-json\/wp\/v2\/comments?post=728"}],"version-history":[{"count":2,"href":"https:\/\/advanpure.com\/cs\/wp-json\/wp\/v2\/pages\/728\/revisions"}],"predecessor-version":[{"id":737,"href":"https:\/\/advanpure.com\/cs\/wp-json\/wp\/v2\/pages\/728\/revisions\/737"}],"up":[{"embeddable":true,"href":"https:\/\/advanpure.com\/cs\/wp-json\/wp\/v2\/pages\/68"}],"wp:attachment":[{"href":"https:\/\/advanpure.com\/cs\/wp-json\/wp\/v2\/media?parent=728"}],"curies":[{"name":"wp","href":"https:\/\/api.w.org\/{rel}","templated":true}]}}